{"id":3639,"date":"2025-07-09T12:43:09","date_gmt":"2025-07-09T11:43:09","guid":{"rendered":"https:\/\/rostock-airport.de\/?page_id=3639"},"modified":"2025-09-08T10:19:20","modified_gmt":"2025-09-08T09:19:20","slug":"terrassen-cafe","status":"publish","type":"page","link":"https:\/\/rostock-airport.de\/en\/terrassen-cafe\/","title":{"rendered":"Terrassencaf\u00e9"},"content":{"rendered":"\n            <div class=\"article_image__headline \">\n    <div class=\"article_image__headline__wrapper\">\n        <h1 class=\"article_image__headline__h1\">Terrassencaf\u00e9<\/h1>\n            <\/div>\n<\/div>\n\n\n\n<p>Starten Sie den Tag perfekt mit unserem vielf\u00e4ltigen Fr\u00fchst\u00fccksangebot! <\/p>\n\n\n\n<p>Ob s\u00fc\u00df oder herzhaft, bei uns finden Sie genau das Richtige. Neben Kaffee und hausgebackenem Kuchen halten wir f\u00fcr Sie Salate, Suppen und Snacks sowie ein t\u00e4glich wechselndes Mittagsangebot bereit.<\/p>\n\n\n\n<p><strong>Fr\u00fchst\u00fcck:<\/strong> 8:00 &#8211; 11:30 Uhr<br><strong>Mittagstisch:<\/strong> 11:30 &#8211; 14:00 Uhr<\/p>\n\n\n\n<div style=\"height:40px\" aria-hidden=\"true\" class=\"wp-block-spacer\"><\/div>\n\n\n\n<h2 class=\"wp-block-heading\">Fr\u00fchst\u00fccksangebot&nbsp;<br><\/h2>\n\n\n\n<div class=\"wp-block-columns is-not-stacked-on-mobile is-layout-flex wp-container-core-columns-is-layout-9d6595d7 wp-block-columns-is-layout-flex\">\n<div class=\"wp-block-column is-layout-flow wp-block-column-is-layout-flow\" style=\"flex-basis:66.66%\">\n<p><strong>Fr\u00fchst\u00fccksmen\u00fc \u201c<strong>Cessna<\/strong>\u201d<\/strong><br><em>1 Br\u00f6tchen, Butter, Marmelade<\/em><br><em>1 kleiner Filterkaffee<\/em><\/p>\n<\/div>\n\n\n\n<div class=\"wp-block-column is-layout-flow wp-block-column-is-layout-flow\" style=\"flex-basis:33.33%\">\n<p><strong>5,50 \u20ac<\/strong><\/p>\n<\/div>\n<\/div>\n\n\n\n<div class=\"wp-block-columns is-not-stacked-on-mobile is-layout-flex wp-container-core-columns-is-layout-9d6595d7 wp-block-columns-is-layout-flex\">\n<div class=\"wp-block-column is-layout-flow wp-block-column-is-layout-flow\" style=\"flex-basis:66.66%\">\n<p><strong>Fr\u00fchst\u00fccksmen\u00fc \u201c<strong>Eurofighter<\/strong>\u201d<\/strong><br><em>1 Br\u00f6tchen, Butter, Aufschnitt, K\u00e4se<\/em><br><em>1 kleiner Filterkaffee\u00a0<\/em><\/p>\n<\/div>\n\n\n\n<div class=\"wp-block-column is-layout-flow wp-block-column-is-layout-flow\" style=\"flex-basis:33.33%\">\n<p><strong>7,90 \u20ac<\/strong><\/p>\n<\/div>\n<\/div>\n\n\n\n<div class=\"wp-block-columns is-not-stacked-on-mobile is-layout-flex wp-container-core-columns-is-layout-9d6595d7 wp-block-columns-is-layout-flex\">\n<div class=\"wp-block-column is-layout-flow wp-block-column-is-layout-flow\" style=\"flex-basis:66.66%\">\n<p><strong>Fr\u00fchst\u00fccksmen\u00fc \u201c<strong>Tornado<\/strong>\u201d<\/strong><br><em>1 Br\u00f6tchen, Butter, R\u00fchrei od. Spiegelei<\/em><br><em>1 kleiner Filterkaffee\u00a0<\/em><\/p>\n<\/div>\n\n\n\n<div class=\"wp-block-column is-layout-flow wp-block-column-is-layout-flow\" style=\"flex-basis:33.33%\">\n<p><strong>8,90 \u20ac<\/strong><\/p>\n<\/div>\n<\/div>\n\n\n\n<h2 class=\"wp-block-heading\">Mittagsangebot<\/h2>\n\n\n\n<div class=\"wp-block-columns is-not-stacked-on-mobile is-layout-flex wp-container-core-columns-is-layout-9d6595d7 wp-block-columns-is-layout-flex\">\n<div class=\"wp-block-column is-layout-flow wp-block-column-is-layout-flow\" style=\"flex-basis:66.66%\">\n<p><strong>Bockwurst mit Br\u00f6tchen<\/strong><\/p>\n<\/div>\n\n\n\n<div class=\"wp-block-column is-layout-flow wp-block-column-is-layout-flow\" style=\"flex-basis:33.33%\">\n<p><strong>3,60 \u20ac<\/strong><\/p>\n<\/div>\n<\/div>\n\n\n\n<div class=\"wp-block-columns is-not-stacked-on-mobile is-layout-flex wp-container-core-columns-is-layout-9d6595d7 wp-block-columns-is-layout-flex\">\n<div class=\"wp-block-column is-layout-flow wp-block-column-is-layout-flow\" style=\"flex-basis:66.66%\">\n<p><strong>Bockwurst mit Kartoffelsalat<\/strong><\/p>\n<\/div>\n\n\n\n<div class=\"wp-block-column is-layout-flow wp-block-column-is-layout-flow\" style=\"flex-basis:33.33%\">\n<p><strong>6,90 \u20ac<\/strong><\/p>\n<\/div>\n<\/div>\n\n\n\n<div class=\"wp-block-columns is-not-stacked-on-mobile is-layout-flex wp-container-core-columns-is-layout-9d6595d7 wp-block-columns-is-layout-flex\">\n<div class=\"wp-block-column is-layout-flow wp-block-column-is-layout-flow\" style=\"flex-basis:66.66%\">\n<p><strong>Boulette mit Br\u00f6tchen<\/strong><\/p>\n<\/div>\n\n\n\n<div class=\"wp-block-column is-layout-flow wp-block-column-is-layout-flow\" style=\"flex-basis:33.33%\">\n<p><strong>5,50 \u20ac<\/strong><\/p>\n<\/div>\n<\/div>\n\n\n\n<div class=\"wp-block-columns is-not-stacked-on-mobile is-layout-flex wp-container-core-columns-is-layout-9d6595d7 wp-block-columns-is-layout-flex\">\n<div class=\"wp-block-column is-layout-flow wp-block-column-is-layout-flow\" style=\"flex-basis:66.66%\">\n<p><strong>Boulette mit Kartoffelsalat<\/strong><\/p>\n<\/div>\n\n\n\n<div class=\"wp-block-column is-layout-flow wp-block-column-is-layout-flow\" style=\"flex-basis:33.33%\">\n<p><strong>7,50 \u20ac<\/strong><\/p>\n<\/div>\n<\/div>\n\n\n\n<div class=\"wp-block-columns is-not-stacked-on-mobile is-layout-flex wp-container-core-columns-is-layout-9d6595d7 wp-block-columns-is-layout-flex\">\n<div class=\"wp-block-column is-layout-flow wp-block-column-is-layout-flow\" style=\"flex-basis:66.66%\">\n<p><strong>Vegetariches Tagesgericht<\/strong><\/p>\n<\/div>\n\n\n\n<div class=\"wp-block-column is-layout-flow wp-block-column-is-layout-flow\" style=\"flex-basis:33.33%\">\n<p><strong>8,90 \u20ac<\/strong><\/p>\n<\/div>\n<\/div>\n\n\n\n<div class=\"wp-block-columns is-not-stacked-on-mobile is-layout-flex wp-container-core-columns-is-layout-9d6595d7 wp-block-columns-is-layout-flex\">\n<div class=\"wp-block-column is-layout-flow wp-block-column-is-layout-flow\" style=\"flex-basis:66.66%\">\n<p><strong>Currywurst mit Pommes<\/strong><\/p>\n<\/div>\n\n\n\n<div class=\"wp-block-column is-layout-flow wp-block-column-is-layout-flow\" style=\"flex-basis:33.33%\">\n<p><strong>9,50 \u20ac<\/strong><\/p>\n<\/div>\n<\/div>\n\n\n\n<div class=\"wp-block-columns is-not-stacked-on-mobile is-layout-flex wp-container-core-columns-is-layout-9d6595d7 wp-block-columns-is-layout-flex\">\n<div class=\"wp-block-column is-layout-flow wp-block-column-is-layout-flow\" style=\"flex-basis:66.66%\">\n<p><strong>Schnitzel mit Pommes<\/strong><\/p>\n<\/div>\n\n\n\n<div class=\"wp-block-column is-layout-flow wp-block-column-is-layout-flow\" style=\"flex-basis:33.33%\">\n<p><strong>10,90 \u20ac<\/strong><\/p>\n<\/div>\n<\/div>\n\n\n\n<div class=\"wp-block-columns is-not-stacked-on-mobile is-layout-flex wp-container-core-columns-is-layout-9d6595d7 wp-block-columns-is-layout-flex\">\n<div class=\"wp-block-column is-layout-flow wp-block-column-is-layout-flow\" style=\"flex-basis:66.66%\">\n<p><strong>Tagessuppe<\/strong><\/p>\n<\/div>\n\n\n\n<div class=\"wp-block-column is-layout-flow wp-block-column-is-layout-flow\" style=\"flex-basis:33.33%\">\n<p><strong>6,90 \u20ac<\/strong><\/p>\n<\/div>\n<\/div>\n\n\n    <h2 class=\"wp-block-heading\">Angebot des Tages<\/h2>\n            <div class=\"wp-block-columns is-not-stacked-on-mobile is-layout-flex wp-container-core-columns-is-layout-9d6595d7 wp-block-columns-is-layout-flex\">\n            <div class=\"wp-block-column is-layout-flow wp-block-column-is-layout-flow\" style=\"flex-basis:66.66%\">\n                <p><strong><\/strong><\/p>\n            <\/div>\n            <div class=\"wp-block-column is-layout-flow wp-block-column-is-layout-flow\" style=\"flex-basis:33.33%\">\n                <p><strong><\/strong><\/p>\n            <\/div>\n        <\/div>\n            <div class=\"wp-block-columns is-not-stacked-on-mobile is-layout-flex wp-container-core-columns-is-layout-9d6595d7 wp-block-columns-is-layout-flex\">\n            <div class=\"wp-block-column is-layout-flow wp-block-column-is-layout-flow\" style=\"flex-basis:66.66%\">\n                <p><strong><\/strong><\/p>\n            <\/div>\n            <div class=\"wp-block-column is-layout-flow wp-block-column-is-layout-flow\" style=\"flex-basis:33.33%\">\n                <p><strong><\/strong><\/p>\n            <\/div>\n        <\/div>\n            <div class=\"wp-block-columns is-not-stacked-on-mobile is-layout-flex wp-container-core-columns-is-layout-9d6595d7 wp-block-columns-is-layout-flex\">\n            <div class=\"wp-block-column is-layout-flow wp-block-column-is-layout-flow\" style=\"flex-basis:66.66%\">\n                <p><strong><\/strong><\/p>\n            <\/div>\n            <div class=\"wp-block-column is-layout-flow wp-block-column-is-layout-flow\" style=\"flex-basis:33.33%\">\n                <p><strong><\/strong><\/p>\n            <\/div>\n        <\/div>\n            <div class=\"wp-block-columns is-not-stacked-on-mobile is-layout-flex wp-container-core-columns-is-layout-9d6595d7 wp-block-columns-is-layout-flex\">\n            <div class=\"wp-block-column is-layout-flow wp-block-column-is-layout-flow\" style=\"flex-basis:66.66%\">\n                <p><strong><\/strong><\/p>\n            <\/div>\n            <div class=\"wp-block-column is-layout-flow wp-block-column-is-layout-flow\" style=\"flex-basis:33.33%\">\n                <p><strong><\/strong><\/p>\n            <\/div>\n        <\/div>\n    \n\n\n<p><\/p>\n","protected":false},"excerpt":{"rendered":"<p>Starten Sie den Tag perfekt mit unserem vielf\u00e4ltigen Fr\u00fchst\u00fccksangebot! Ob s\u00fc\u00df oder herzhaft, bei uns finden Sie genau das Richtige. Neben Kaffee und hausgebackenem Kuchen halten wir f\u00fcr Sie Salate, Suppen und Snacks sowie ein t\u00e4glich wechselndes Mittagsangebot bereit. Fr\u00fchst\u00fcck: 8:00 &#8211; 11:30 UhrMittagstisch: 11:30 &#8211; 14:00 Uhr Fr\u00fchst\u00fccksangebot&nbsp; Fr\u00fchst\u00fccksmen\u00fc \u201cCessna\u201d1 Br\u00f6tchen, Butter, Marmelade1 kleiner [&hellip;]<\/p>\n","protected":false},"author":10,"featured_media":0,"parent":0,"menu_order":0,"comment_status":"closed","ping_status":"closed","template":"","meta":{"_acf_changed":false,"footnotes":""},"class_list":["post-3639","page","type-page","status-publish","hentry"],"acf":[],"yoast_head":"<!-- This site is optimized with the Yoast SEO plugin v27.2 - https:\/\/yoast.com\/product\/yoast-seo-wordpress\/ -->\n<title>Terrassencaf\u00e9 - Airport Rostock Laage<\/title>\n<meta name=\"robots\" content=\"index, follow, max-snippet:-1, max-image-preview:large, max-video-preview:-1\" \/>\n<link rel=\"canonical\" href=\"https:\/\/rostock-airport.de\/terrassen-cafe\/\" \/>\n<meta property=\"og:locale\" content=\"en_US\" \/>\n<meta property=\"og:type\" content=\"article\" \/>\n<meta property=\"og:title\" content=\"Terrassencaf\u00e9 - Airport Rostock Laage\" \/>\n<meta property=\"og:description\" content=\"Starten Sie den Tag perfekt mit unserem vielf\u00e4ltigen Fr\u00fchst\u00fccksangebot! Ob s\u00fc\u00df oder herzhaft, bei uns finden Sie genau das Richtige. Neben Kaffee und hausgebackenem Kuchen halten wir f\u00fcr Sie Salate, Suppen und Snacks sowie ein t\u00e4glich wechselndes Mittagsangebot bereit. Fr\u00fchst\u00fcck: 8:00 &#8211; 11:30 UhrMittagstisch: 11:30 &#8211; 14:00 Uhr Fr\u00fchst\u00fccksangebot&nbsp; Fr\u00fchst\u00fccksmen\u00fc \u201cCessna\u201d1 Br\u00f6tchen, Butter, Marmelade1 kleiner [&hellip;]\" \/>\n<meta property=\"og:url\" content=\"https:\/\/rostock-airport.de\/terrassen-cafe\/\" \/>\n<meta property=\"og:site_name\" content=\"Airport Rostock Laage\" \/>\n<meta property=\"article:publisher\" content=\"https:\/\/www.facebook.com\/RostockAirport\/\" \/>\n<meta property=\"article:modified_time\" content=\"2025-09-08T09:19:20+00:00\" \/>\n<meta name=\"twitter:card\" content=\"summary_large_image\" \/>\n<script type=\"application\/ld+json\" class=\"yoast-schema-graph\">{\"@context\":\"https:\/\/schema.org\",\"@graph\":[{\"@type\":\"WebPage\",\"@id\":\"https:\/\/rostock-airport.de\/terrassen-cafe\/\",\"url\":\"https:\/\/rostock-airport.de\/terrassen-cafe\/\",\"name\":\"Terrassencaf\u00e9 - Airport Rostock Laage\",\"isPartOf\":{\"@id\":\"https:\/\/rostock-airport.de\/#website\"},\"datePublished\":\"2025-07-09T11:43:09+00:00\",\"dateModified\":\"2025-09-08T09:19:20+00:00\",\"breadcrumb\":{\"@id\":\"https:\/\/rostock-airport.de\/terrassen-cafe\/#breadcrumb\"},\"inLanguage\":\"en-US\",\"potentialAction\":[{\"@type\":\"ReadAction\",\"target\":[\"https:\/\/rostock-airport.de\/terrassen-cafe\/\"]}]},{\"@type\":\"BreadcrumbList\",\"@id\":\"https:\/\/rostock-airport.de\/terrassen-cafe\/#breadcrumb\",\"itemListElement\":[{\"@type\":\"ListItem\",\"position\":1,\"name\":\"Startseite\",\"item\":\"https:\/\/rostock-airport.de\/en\/\"},{\"@type\":\"ListItem\",\"position\":2,\"name\":\"Terrassencaf\u00e9\"}]},{\"@type\":\"WebSite\",\"@id\":\"https:\/\/rostock-airport.de\/#website\",\"url\":\"https:\/\/rostock-airport.de\/\",\"name\":\"Airport Rostock Laage\",\"description\":\"\",\"potentialAction\":[{\"@type\":\"SearchAction\",\"target\":{\"@type\":\"EntryPoint\",\"urlTemplate\":\"https:\/\/rostock-airport.de\/?s={search_term_string}\"},\"query-input\":{\"@type\":\"PropertyValueSpecification\",\"valueRequired\":true,\"valueName\":\"search_term_string\"}}],\"inLanguage\":\"en-US\"}]}<\/script>\n<!-- \/ Yoast SEO plugin. -->","yoast_head_json":{"title":"Terrassencaf\u00e9 - Airport Rostock Laage","robots":{"index":"index","follow":"follow","max-snippet":"max-snippet:-1","max-image-preview":"max-image-preview:large","max-video-preview":"max-video-preview:-1"},"canonical":"https:\/\/rostock-airport.de\/terrassen-cafe\/","og_locale":"en_US","og_type":"article","og_title":"Terrassencaf\u00e9 - Airport Rostock Laage","og_description":"Starten Sie den Tag perfekt mit unserem vielf\u00e4ltigen Fr\u00fchst\u00fccksangebot! Ob s\u00fc\u00df oder herzhaft, bei uns finden Sie genau das Richtige. Neben Kaffee und hausgebackenem Kuchen halten wir f\u00fcr Sie Salate, Suppen und Snacks sowie ein t\u00e4glich wechselndes Mittagsangebot bereit. Fr\u00fchst\u00fcck: 8:00 &#8211; 11:30 UhrMittagstisch: 11:30 &#8211; 14:00 Uhr Fr\u00fchst\u00fccksangebot&nbsp; Fr\u00fchst\u00fccksmen\u00fc \u201cCessna\u201d1 Br\u00f6tchen, Butter, Marmelade1 kleiner [&hellip;]","og_url":"https:\/\/rostock-airport.de\/terrassen-cafe\/","og_site_name":"Airport Rostock Laage","article_publisher":"https:\/\/www.facebook.com\/RostockAirport\/","article_modified_time":"2025-09-08T09:19:20+00:00","twitter_card":"summary_large_image","schema":{"@context":"https:\/\/schema.org","@graph":[{"@type":"WebPage","@id":"https:\/\/rostock-airport.de\/terrassen-cafe\/","url":"https:\/\/rostock-airport.de\/terrassen-cafe\/","name":"Terrassencaf\u00e9 - Airport Rostock Laage","isPartOf":{"@id":"https:\/\/rostock-airport.de\/#website"},"datePublished":"2025-07-09T11:43:09+00:00","dateModified":"2025-09-08T09:19:20+00:00","breadcrumb":{"@id":"https:\/\/rostock-airport.de\/terrassen-cafe\/#breadcrumb"},"inLanguage":"en-US","potentialAction":[{"@type":"ReadAction","target":["https:\/\/rostock-airport.de\/terrassen-cafe\/"]}]},{"@type":"BreadcrumbList","@id":"https:\/\/rostock-airport.de\/terrassen-cafe\/#breadcrumb","itemListElement":[{"@type":"ListItem","position":1,"name":"Startseite","item":"https:\/\/rostock-airport.de\/en\/"},{"@type":"ListItem","position":2,"name":"Terrassencaf\u00e9"}]},{"@type":"WebSite","@id":"https:\/\/rostock-airport.de\/#website","url":"https:\/\/rostock-airport.de\/","name":"Airport Rostock Laage","description":"","potentialAction":[{"@type":"SearchAction","target":{"@type":"EntryPoint","urlTemplate":"https:\/\/rostock-airport.de\/?s={search_term_string}"},"query-input":{"@type":"PropertyValueSpecification","valueRequired":true,"valueName":"search_term_string"}}],"inLanguage":"en-US"}]}},"publishpress_future_action":{"enabled":false,"date":"2026-04-26 09:31:17","action":"change-status","newStatus":"draft","terms":[],"taxonomy":"translation_priority","extraData":[]},"publishpress_future_workflow_manual_trigger":{"enabledWorkflows":[]},"_links":{"self":[{"href":"https:\/\/rostock-airport.de\/en\/wp-json\/wp\/v2\/pages\/3639","targetHints":{"allow":["GET"]}}],"collection":[{"href":"https:\/\/rostock-airport.de\/en\/wp-json\/wp\/v2\/pages"}],"about":[{"href":"https:\/\/rostock-airport.de\/en\/wp-json\/wp\/v2\/types\/page"}],"author":[{"embeddable":true,"href":"https:\/\/rostock-airport.de\/en\/wp-json\/wp\/v2\/users\/10"}],"replies":[{"embeddable":true,"href":"https:\/\/rostock-airport.de\/en\/wp-json\/wp\/v2\/comments?post=3639"}],"version-history":[{"count":14,"href":"https:\/\/rostock-airport.de\/en\/wp-json\/wp\/v2\/pages\/3639\/revisions"}],"predecessor-version":[{"id":3695,"href":"https:\/\/rostock-airport.de\/en\/wp-json\/wp\/v2\/pages\/3639\/revisions\/3695"}],"wp:attachment":[{"href":"https:\/\/rostock-airport.de\/en\/wp-json\/wp\/v2\/media?parent=3639"}],"curies":[{"name":"wp","href":"https:\/\/api.w.org\/{rel}","templated":true}]}}