{"id":3424,"date":"2024-10-11T12:17:17","date_gmt":"2024-10-11T11:17:17","guid":{"rendered":"https:\/\/rostock-airport.de\/?page_id=3424"},"modified":"2024-10-11T12:18:00","modified_gmt":"2024-10-11T11:18:00","slug":"instandsetzungsmassnahme-auf-der-start-und-landebahn","status":"publish","type":"page","link":"https:\/\/rostock-airport.de\/en\/instandsetzungsmassnahme-auf-der-start-und-landebahn\/","title":{"rendered":"Instandsetzungsma\u00dfnahme auf der Start- und Landebahn"},"content":{"rendered":"\n            <div class=\"article_image__headline \">\n    <div class=\"article_image__headline__wrapper\">\n        <h1 class=\"article_image__headline__h1\">Instandsetzungsma\u00dfnahme auf der Start- und Landebahn<\/h1>\n        <p class=\"article_image__headline__p\">Durch eine Instandsetzungsma\u00dfnahme des Bundes auf der Start- und Landebahn des Flughafens Rostock-Laage, kommt es im Zeitraum vom 21.10.2024 bis einschlie\u00dflich 30.10.2024 zu einer Schlie\u00dfung der gesamten Start- und Landebahn.<\/p>    <\/div>\n<\/div>\n\n\n\n<h2 class=\"wp-block-heading\">Informationen f\u00fcr betroffene Fl\u00fcge nach Antalya und Heraklion<\/h2>\n\n\n\n<div data-wp-interactive=\"core\/file\" class=\"wp-block-file\"><object data-wp-bind--hidden=\"!state.hasPdfPreview\" hidden class=\"wp-block-file__embed\" data=\"https:\/\/rostock-airport.de\/wp-content\/uploads\/2024\/10\/Infoschreiben-Corendon-aktuell.pdf\" type=\"application\/pdf\" style=\"width:100%;height:600px\" aria-label=\"Embed of Infoschreiben Corendon.\"><\/object><a id=\"wp-block-file--media-fd4a089f-2a81-4c5a-9835-2690bd6466db\" href=\"https:\/\/rostock-airport.de\/wp-content\/uploads\/2024\/10\/Infoschreiben-Corendon-aktuell.pdf\">Infoschreiben Corendon<\/a><a href=\"https:\/\/rostock-airport.de\/wp-content\/uploads\/2024\/10\/Infoschreiben-Corendon-aktuell.pdf\" class=\"wp-block-file__button wp-element-button\" download aria-describedby=\"wp-block-file--media-fd4a089f-2a81-4c5a-9835-2690bd6466db\">Herunterladen<\/a><\/div>\n\n\n\n<h2 class=\"wp-block-heading\">Informationen f\u00fcr betroffene Fl\u00fcge nach Mallorca<\/h2>\n\n\n\n<div data-wp-interactive=\"core\/file\" class=\"wp-block-file\"><object data-wp-bind--hidden=\"!state.hasPdfPreview\" hidden class=\"wp-block-file__embed\" data=\"https:\/\/rostock-airport.de\/wp-content\/uploads\/2024\/10\/Infoschreiben-Condor.pdf\" type=\"application\/pdf\" style=\"width:100%;height:600px\" aria-label=\"Embed of Infoschreiben Condor.\"><\/object><a id=\"wp-block-file--media-ef6fd665-0dcd-42fe-94ec-51671331cc4c\" href=\"https:\/\/rostock-airport.de\/wp-content\/uploads\/2024\/10\/Infoschreiben-Condor.pdf\">Infoschreiben Condor<\/a><a href=\"https:\/\/rostock-airport.de\/wp-content\/uploads\/2024\/10\/Infoschreiben-Condor.pdf\" class=\"wp-block-file__button wp-element-button\" download aria-describedby=\"wp-block-file--media-ef6fd665-0dcd-42fe-94ec-51671331cc4c\">Herunterladen<\/a><\/div>\n","protected":false},"excerpt":{"rendered":"<p>Informationen f\u00fcr betroffene Fl\u00fcge nach Antalya und Heraklion Informationen f\u00fcr betroffene Fl\u00fcge nach Mallorca<\/p>\n","protected":false},"author":10,"featured_media":0,"parent":0,"menu_order":0,"comment_status":"closed","ping_status":"closed","template":"","meta":{"_acf_changed":false,"footnotes":""},"class_list":["post-3424","page","type-page","status-publish","hentry"],"acf":[],"yoast_head":"<!-- This site is optimized with the Yoast SEO plugin v27.2 - https:\/\/yoast.com\/product\/yoast-seo-wordpress\/ -->\n<title>Instandsetzungsma\u00dfnahme auf der Start- und Landebahn - Airport Rostock Laage<\/title>\n<meta name=\"robots\" content=\"index, follow, max-snippet:-1, max-image-preview:large, max-video-preview:-1\" \/>\n<link rel=\"canonical\" href=\"https:\/\/rostock-airport.de\/instandsetzungsmassnahme-auf-der-start-und-landebahn\/\" \/>\n<meta property=\"og:locale\" content=\"en_US\" \/>\n<meta property=\"og:type\" content=\"article\" \/>\n<meta property=\"og:title\" content=\"Instandsetzungsma\u00dfnahme auf der Start- und Landebahn - Airport Rostock Laage\" \/>\n<meta property=\"og:description\" content=\"Informationen f\u00fcr betroffene Fl\u00fcge nach Antalya und Heraklion Informationen f\u00fcr betroffene Fl\u00fcge nach Mallorca\" \/>\n<meta property=\"og:url\" content=\"https:\/\/rostock-airport.de\/instandsetzungsmassnahme-auf-der-start-und-landebahn\/\" \/>\n<meta property=\"og:site_name\" content=\"Airport Rostock Laage\" \/>\n<meta property=\"article:publisher\" content=\"https:\/\/www.facebook.com\/RostockAirport\/\" \/>\n<meta property=\"article:modified_time\" content=\"2024-10-11T11:18:00+00:00\" \/>\n<meta name=\"twitter:card\" content=\"summary_large_image\" \/>\n<script type=\"application\/ld+json\" class=\"yoast-schema-graph\">{\"@context\":\"https:\/\/schema.org\",\"@graph\":[{\"@type\":\"WebPage\",\"@id\":\"https:\/\/rostock-airport.de\/instandsetzungsmassnahme-auf-der-start-und-landebahn\/\",\"url\":\"https:\/\/rostock-airport.de\/instandsetzungsmassnahme-auf-der-start-und-landebahn\/\",\"name\":\"Instandsetzungsma\u00dfnahme auf der Start- und Landebahn - Airport Rostock Laage\",\"isPartOf\":{\"@id\":\"https:\/\/rostock-airport.de\/#website\"},\"datePublished\":\"2024-10-11T11:17:17+00:00\",\"dateModified\":\"2024-10-11T11:18:00+00:00\",\"breadcrumb\":{\"@id\":\"https:\/\/rostock-airport.de\/instandsetzungsmassnahme-auf-der-start-und-landebahn\/#breadcrumb\"},\"inLanguage\":\"en-US\",\"potentialAction\":[{\"@type\":\"ReadAction\",\"target\":[\"https:\/\/rostock-airport.de\/instandsetzungsmassnahme-auf-der-start-und-landebahn\/\"]}]},{\"@type\":\"BreadcrumbList\",\"@id\":\"https:\/\/rostock-airport.de\/instandsetzungsmassnahme-auf-der-start-und-landebahn\/#breadcrumb\",\"itemListElement\":[{\"@type\":\"ListItem\",\"position\":1,\"name\":\"Startseite\",\"item\":\"https:\/\/rostock-airport.de\/en\/\"},{\"@type\":\"ListItem\",\"position\":2,\"name\":\"Instandsetzungsma\u00dfnahme auf der Start- und Landebahn\"}]},{\"@type\":\"WebSite\",\"@id\":\"https:\/\/rostock-airport.de\/#website\",\"url\":\"https:\/\/rostock-airport.de\/\",\"name\":\"Airport Rostock Laage\",\"description\":\"\",\"potentialAction\":[{\"@type\":\"SearchAction\",\"target\":{\"@type\":\"EntryPoint\",\"urlTemplate\":\"https:\/\/rostock-airport.de\/?s={search_term_string}\"},\"query-input\":{\"@type\":\"PropertyValueSpecification\",\"valueRequired\":true,\"valueName\":\"search_term_string\"}}],\"inLanguage\":\"en-US\"}]}<\/script>\n<!-- \/ Yoast SEO plugin. -->","yoast_head_json":{"title":"Instandsetzungsma\u00dfnahme auf der Start- und Landebahn - Airport Rostock Laage","robots":{"index":"index","follow":"follow","max-snippet":"max-snippet:-1","max-image-preview":"max-image-preview:large","max-video-preview":"max-video-preview:-1"},"canonical":"https:\/\/rostock-airport.de\/instandsetzungsmassnahme-auf-der-start-und-landebahn\/","og_locale":"en_US","og_type":"article","og_title":"Instandsetzungsma\u00dfnahme auf der Start- und Landebahn - Airport Rostock Laage","og_description":"Informationen f\u00fcr betroffene Fl\u00fcge nach Antalya und Heraklion Informationen f\u00fcr betroffene Fl\u00fcge nach Mallorca","og_url":"https:\/\/rostock-airport.de\/instandsetzungsmassnahme-auf-der-start-und-landebahn\/","og_site_name":"Airport Rostock Laage","article_publisher":"https:\/\/www.facebook.com\/RostockAirport\/","article_modified_time":"2024-10-11T11:18:00+00:00","twitter_card":"summary_large_image","schema":{"@context":"https:\/\/schema.org","@graph":[{"@type":"WebPage","@id":"https:\/\/rostock-airport.de\/instandsetzungsmassnahme-auf-der-start-und-landebahn\/","url":"https:\/\/rostock-airport.de\/instandsetzungsmassnahme-auf-der-start-und-landebahn\/","name":"Instandsetzungsma\u00dfnahme auf der Start- und Landebahn - Airport Rostock Laage","isPartOf":{"@id":"https:\/\/rostock-airport.de\/#website"},"datePublished":"2024-10-11T11:17:17+00:00","dateModified":"2024-10-11T11:18:00+00:00","breadcrumb":{"@id":"https:\/\/rostock-airport.de\/instandsetzungsmassnahme-auf-der-start-und-landebahn\/#breadcrumb"},"inLanguage":"en-US","potentialAction":[{"@type":"ReadAction","target":["https:\/\/rostock-airport.de\/instandsetzungsmassnahme-auf-der-start-und-landebahn\/"]}]},{"@type":"BreadcrumbList","@id":"https:\/\/rostock-airport.de\/instandsetzungsmassnahme-auf-der-start-und-landebahn\/#breadcrumb","itemListElement":[{"@type":"ListItem","position":1,"name":"Startseite","item":"https:\/\/rostock-airport.de\/en\/"},{"@type":"ListItem","position":2,"name":"Instandsetzungsma\u00dfnahme auf der Start- und Landebahn"}]},{"@type":"WebSite","@id":"https:\/\/rostock-airport.de\/#website","url":"https:\/\/rostock-airport.de\/","name":"Airport Rostock Laage","description":"","potentialAction":[{"@type":"SearchAction","target":{"@type":"EntryPoint","urlTemplate":"https:\/\/rostock-airport.de\/?s={search_term_string}"},"query-input":{"@type":"PropertyValueSpecification","valueRequired":true,"valueName":"search_term_string"}}],"inLanguage":"en-US"}]}},"publishpress_future_action":{"enabled":false,"date":"2026-05-01 15:59:19","action":"change-status","newStatus":"draft","terms":[],"taxonomy":"translation_priority","extraData":[]},"publishpress_future_workflow_manual_trigger":{"enabledWorkflows":[]},"_links":{"self":[{"href":"https:\/\/rostock-airport.de\/en\/wp-json\/wp\/v2\/pages\/3424","targetHints":{"allow":["GET"]}}],"collection":[{"href":"https:\/\/rostock-airport.de\/en\/wp-json\/wp\/v2\/pages"}],"about":[{"href":"https:\/\/rostock-airport.de\/en\/wp-json\/wp\/v2\/types\/page"}],"author":[{"embeddable":true,"href":"https:\/\/rostock-airport.de\/en\/wp-json\/wp\/v2\/users\/10"}],"replies":[{"embeddable":true,"href":"https:\/\/rostock-airport.de\/en\/wp-json\/wp\/v2\/comments?post=3424"}],"version-history":[{"count":2,"href":"https:\/\/rostock-airport.de\/en\/wp-json\/wp\/v2\/pages\/3424\/revisions"}],"predecessor-version":[{"id":3430,"href":"https:\/\/rostock-airport.de\/en\/wp-json\/wp\/v2\/pages\/3424\/revisions\/3430"}],"wp:attachment":[{"href":"https:\/\/rostock-airport.de\/en\/wp-json\/wp\/v2\/media?parent=3424"}],"curies":[{"name":"wp","href":"https:\/\/api.w.org\/{rel}","templated":true}]}}