{"id":1683,"date":"2022-02-21T13:29:48","date_gmt":"2022-02-21T12:29:48","guid":{"rendered":"https:\/\/rostock-airport.de\/?page_id=1683"},"modified":"2025-01-22T12:19:33","modified_gmt":"2025-01-22T11:19:33","slug":"services","status":"publish","type":"page","link":"https:\/\/rostock-airport.de\/en\/company-and-business\/services\/","title":{"rendered":"Services"},"content":{"rendered":"\n            <div class=\"article_image__headline \">\n    <div class=\"article_image__headline__wrapper\">\n        <h1 class=\"article_image__headline__h1\">Services<\/h1>\n            <\/div>\n<\/div>\n\n\n\n  <div class=\"container\">\n    <div class=\"row\">\n      <div class=\"col\">\n        <div class=\"accordion accordeon_h2 cursor-pointer\">\n                                    <div class=\"headline\">\n                <h2 class=\"headline__h2\">Passport Office<\/h2>\n              <\/div>\n                              <\/div>\n        <div class=\"panel\">\n\n\n\n<h3 class=\"wp-block-heading\" id=\"wer-ist-berechtigt-einen-flughafenausweis-zu-beantragen\">Who is entitled to apply for an airport identification card?<\/h3>\n\n\n\n<ul class=\"wp-block-list\">\n<li>Companies based at Rostock-Laage Airport<\/li>\n\n\n\n<li>Companies operating on the premises on behalf of Rostock-Laage Airport<\/li>\n\n\n\n<li>Airlines operating at Rostock-Laage Airport<\/li>\n\n\n\n<li>Authorities with sovereign tasks<\/li>\n<\/ul>\n\n\n\n<h3 class=\"wp-block-heading\" id=\"was-benotige-ich-fur-die-beantragung-eines-flughafenausweises\">What do I need to apply for an airport identification card?<\/h3>\n\n\n\n<ul class=\"wp-block-list\">\n<li>Completed <a href=\"https:\/\/rostock-airport.de\/wp-content\/uploads\/2023\/05\/2023_Antrag_Flughafenausweis.pdf\" target=\"_blank\" rel=\"noreferrer noopener\">ID card application (PDF)<\/a><\/li>\n\n\n\n<li>Passport photo, does not have to be a biometric photo<\/li>\n\n\n\n<li><a href=\"https:\/\/rostock-airport.de\/wp-content\/uploads\/2022\/02\/04-2021-antragsformular-flughafen-fracht-zuep.pdf\" target=\"_blank\" rel=\"noreferrer noopener\"><\/a><a href=\"https:\/\/rostock-airport.de\/wp-content\/uploads\/2023\/03\/Antragsformular-flughafen-fracht-zuep-2023.pdf\" target=\"_blank\" rel=\"noreferrer noopener\">G\u00fcltige Z\u00dcP (Zuverl\u00e4ssigkeits\u00fcberpr\u00fcfung) gem\u00e4\u00df \u00a77 LuftSiG (PDF)<\/a> und <a href=\"https:\/\/rostock-airport.de\/wp-content\/uploads\/2023\/03\/Interviewnachweis-zuep_2023.pdf\" target=\"_blank\" rel=\"noreferrer noopener\">Interviewnachweis<\/a> (Both documents are necessary)<\/li>\n\n\n\n<li>Certificate for aviation security training according to \u00a78 Aviation Security Training Ordinance or VO (EU) 185\/2010 ch.11<\/li>\n<\/ul>\n\n\n\n<p>All completed documents must be sent to&nbsp;<a href=\"mailto:ausweisstelle@rostock-airport.de\">ausweisstelle@rostock-airport.de<\/a>&nbsp;or Flughafen Rostock-Laage, Flughafenstra\u00dfe 1, 18299 Laage.<\/p>\n\n\n\n<p>If you need to carry people without an airport ID for your work in the security area, please fill out the Application for&nbsp;<a href=\"https:\/\/rostock-airport.de\/wp-content\/uploads\/2023\/05\/2023_05_Antrag_auf_Mitnahmeberechtigung.pdf\" target=\"_blank\" rel=\"noreferrer noopener\">Carrying Authorization (PDF)<\/a>.<\/p>\n\n\n\n<h3 class=\"wp-block-heading\" id=\"wo-und-wann-kann-ich-den-ausweis-abholen\">Where and when can I pick up the ID card?<\/h3>\n\n\n\n<p>Please make an appointment to pick up your ID card by contacting us at&nbsp;<a href=\"mailto:ausweisstelle@rostock-airport.de\">ausweisstelle@rostock-airport.de<\/a>.<br><\/p>\n\n\n\n<h3 class=\"wp-block-heading\" id=\"was-muss-ich-tun-wenn-ich-zusatzlich-eine-fahrgenehmigung-fur-ein-kfz-benotige\">What do I have to do if I also need a driving permit for a motor vehicle?<\/h3>\n\n\n\n<ul class=\"wp-block-list\">\n<li>Fill out <a href=\"https:\/\/rostock-airport.de\/wp-content\/uploads\/2022\/02\/Antrag-auf-Fahrgenehmigung.pdf\" target=\"_blank\" rel=\"noreferrer noopener\">application for driving permit (PDF)<\/a><\/li>\n\n\n\n<li>Copy of the vehicle registration document<\/li>\n\n\n\n<li>Have permission according to traffic regulations FRLG<\/li>\n<\/ul>\n\n\n\n<p>All completed documents \/ copies must be sent to&nbsp;<a href=\"mailto:ausweisstelle@rostock-airport.de\">ausweisstelle@rostock-airport.de<\/a>&nbsp;or Flughafen Rostock-Laage, Flughafenstra\u00dfe 1, 18299 Laage.<br><\/p>\n\n\n\n<h3 class=\"wp-block-heading\" id=\"umgang-mit-dem-flughafenausweis\">Dealing with the airport ID card<\/h3>\n\n\n\n<ul class=\"wp-block-list\">\n<li>The Airport ID Card must always be presented at the security checkpoint when entering the sensitive security area.<\/li>\n\n\n\n<li>The Airport ID Card must always be worn visibly in the sensitive security area.<\/li>\n\n\n\n<li>Loss of the Airport ID Card must be reported immediately to the Duty Traffic Manager at 038454 321 310.<\/li>\n\n\n\n<li>The Airport ID Card is the property of Rostock-Laage Airport.<\/li>\n\n\n\n<li>The Airport ID Card is not transferable.<\/li>\n\n\n\n<li>In case of misuse, the Airport ID Card will be withdrawn.<\/li>\n\n\n\n<li>If the activity at Rostock-Laage Airport is terminated, the Airport ID Card must be returned immediately.<\/li>\n<\/ul>\n\n\n\n<p><a href=\"https:\/\/rostock-airport.de\/wp-content\/uploads\/2022\/02\/Antrag_auf_Entfallen_der_ZUEP.pdf\" target=\"_blank\" rel=\"noreferrer noopener\">Application for waiver of the Z\u00dcP pursuant to \u00a7 7 (2) sentence 4 Aviation Security Act (LuftSiG)<\/a><\/p>\n\n\n\n<p>For more information, please refer to the Rostock-Laage Airport ID Card Regulations.<\/p>\n\n\n\n<p>Do you still have open questions? Then please feel free to contact us at <\/p>\n\n\n\n<p><a href=\"mailto:ausweisstelle@rostock-airport.de\">ausweisstelle@rostock-airport.de<\/a><br>Phone: 038454 321 222<\/p>\n\n\n\n<p>Opening hours:<\/p>\n\n\n\n<p>Di + Do: 10:00 &#8211; 13:00 <\/p>\n\n\n\n\n        <\/div>\n      <\/div>\n    <\/div>\n  <\/div>\n\n\n\n\n  <div class=\"container\">\n    <div class=\"row\">\n      <div class=\"col\">\n        <div class=\"accordion accordeon_h2 cursor-pointer\">\n                                    <div class=\"headline\">\n                <h2 class=\"headline__h2\">Air cargo and special handling<\/h2>\n              <\/div>\n                              <\/div>\n        <div class=\"panel\">\n\n\n\n<p>Rostock-Laage Airport offers excellent opportunities for all types of air cargo. With our central location in northern Germany, direct access to the highway and seaport, and 24-hour operation, it is the perfect place for air cargo airlines and freight forwarders. The cargo business is very important for the companies in the north of the new federal states. For the most part, it runs as sea freight. But goods for which the speed of delivery is important are also shipped as air freight. The airport Rostock-Laage scores with optimal conditions and its modern infrastructure, with flexibility and a customs station on site. We are in possession of all necessary licenses for cargo operations to fly goods quickly and responsibly or to carry out special handling.<\/p>\n\n\n\n<p><\/p>\n\n\n<!-- Element Infobox mit Bild -->\n<div class=\"container\">\n    <div class=\"row\">\n        <div class=\"col\">\n            <div class=\"infobox infobox--image\">\n                <div class=\"infobox__left    full_width \">\n                    <h2 class=\"infobox__h2\">Cargo Gallery<\/h2>\n                    <p class=\"infobox__p\">\n                        Find here impressions of our cargo services                    <\/p>\n                    \n                <\/div>\n\n                            <\/div>\n        <\/div>\n    <\/div>\n<\/div>\n\n\n\n<div style=\"height:40px\" aria-hidden=\"true\" class=\"wp-block-spacer\"><\/div>\n\n\n<!-- Element Kacheln -->\n<div class=\"container\">\n    <div class=\"row\">\n        <div class=\"col\">\n            <div class=\"carousell slider-default\">\n                                        <div class=\"carousell__element\">\n                            <div class=\"carousell__element__img\"><img decoding=\"async\" alt=\"\" src=\"https:\/\/rostock-airport.de\/wp-content\/uploads\/2022\/03\/airport-rostock-silkway-4-10-2018-foto-angelikaheim-247.jpg\"><\/div>\n                        <\/div>\n                                        <div class=\"carousell__element\">\n                            <div class=\"carousell__element__img\"><img decoding=\"async\" alt=\"\" src=\"https:\/\/rostock-airport.de\/wp-content\/uploads\/2022\/03\/airport-rostock-silkway-4-10-2018-foto-angelikaheim-166.jpg\"><\/div>\n                        <\/div>\n                                        <div class=\"carousell__element\">\n                            <div class=\"carousell__element__img\"><img decoding=\"async\" alt=\"\" src=\"https:\/\/rostock-airport.de\/wp-content\/uploads\/2022\/03\/airport-rostock-silkway-4-10-2018-foto-angelikaheim-112.jpg\"><\/div>\n                        <\/div>\n                                        <div class=\"carousell__element\">\n                            <div class=\"carousell__element__img\"><img decoding=\"async\" alt=\"\" src=\"https:\/\/rostock-airport.de\/wp-content\/uploads\/2022\/03\/airport-rostock-schenker-2-10-2018-foto-angelikaheim-291.jpg\"><\/div>\n                        <\/div>\n                                        <div class=\"carousell__element\">\n                            <div class=\"carousell__element__img\"><img decoding=\"async\" alt=\"\" src=\"https:\/\/rostock-airport.de\/wp-content\/uploads\/2022\/03\/airport-rostock-schenker-2-10-2018-foto-angelikaheim-115.jpg\"><\/div>\n                        <\/div>\n                            <\/div>\n                    <\/div>\n    <\/div>\n<\/div>\n\n\n<!-- Element Infobox mit Bild -->\n<div class=\"container\">\n    <div class=\"row\">\n        <div class=\"col\">\n            <div class=\"infobox infobox--image\">\n                <div class=\"infobox__left   \">\n                    <h2 class=\"infobox__h2\">Video Cargo<\/h2>\n                    <p class=\"infobox__p\">\n                        How it looks in practice, shows this video.\r\n                    <\/p>\n                    \n                <\/div>\n\n                                <div class=\"infobox__right\">\n                                                      <video src=\"https:\/\/rostock-airport.de\/wp-content\/uploads\/2022\/02\/2018_11_CARGO_AT_RLG-1.mp4\" poster=\"https:\/\/rostock-airport.de\/wp-content\/uploads\/2022\/02\/poster.jpg\" controls width=\"320\" height=\"240\" style=\"width: 100%; height: 100%;\">\n                    <\/video>\n                                  \n\n                <\/div>\n                            <\/div>\n        <\/div>\n    <\/div>\n<\/div>\n\n\n\n<div style=\"height:50px\" aria-hidden=\"true\" class=\"wp-block-spacer\"><\/div>\n\n\n\n<div class=\"wp-block-buttons is-layout-flex wp-block-buttons-is-layout-flex\">\n<div class=\"wp-block-button\"><a class=\"wp-block-button__link wp-element-button\" href=\"https:\/\/rostock-airport.de\/wp-content\/uploads\/2025\/01\/RLG_Fracht_en.pdf\" target=\"_blank\" rel=\"noreferrer noopener\">further information here<\/a><\/div>\n<\/div>\n\n\n\n<div style=\"height:50px\" aria-hidden=\"true\" class=\"wp-block-spacer\"><\/div>\n\n\n\n\n        <\/div>\n      <\/div>\n    <\/div>\n  <\/div>\n\n\n\n\n  <div class=\"container\">\n    <div class=\"row\">\n      <div class=\"col\">\n        <div class=\"accordion accordeon_h2 cursor-pointer\">\n                                    <div class=\"headline\">\n                <h2 class=\"headline__h2\">Seamless Travel<\/h2>\n              <\/div>\n                              <\/div>\n        <div class=\"panel\">\n\n\n\n<p>Rostock Airport has been part of the cruise business in Rostock-Warnem\u00fcnde since 2015. In cooperation with the cruise company Costa Crociere, a seamless travel product was developed that provides passengers with an optimal transfer from the departure airport to the cruise ship in Rostock. The new service concept consists of a joint air\/cruise product that optimizes the process of baggage handling, check-in and the development of new procedures for coordination with authorities, local port agents and the port company.<\/p>\n\n\n\n<h2 class=\"wp-block-heading\" id=\"das-produkt\">The product<\/h2>\n\n\n\n<p>The aim is to make the arrival and departure of cruise passengers as comfortable as possible. Thus, the airport team takes care of the luggage for the passenger, who travels stress-free without having to receive or collect his luggage several times. The luggage is marked at the departure airport and delivered from the arrival airport directly to the cabin of each guest. At the end of the cruise, Rostock Airport ensures the smooth transport of the luggage from the cabin to the customer&#8217;s destination airport by equipping the ships with check-in technology. The luggage is checked in on board the ship the evening before the cruise arrives. The technology and the implementation of the necessary procedures on board are carried out by Rostock Airport staff together with the ship&#8217;s crews before the cruise season. The so-called &#8220;off-airport check-in&#8221; reduces the waiting time for passengers at the port and at the airport.<\/p>\n\n\n\n<p>roduct. The modern infrastructure, the control of processes in one hand, and the high quality of passenger handling convinced other cruise companies to entrust the airport in the Baltic Sea with the implementation of the system. In addition to Costa Crociere, MSC uses the high-quality &#8220;Seamless Travel&#8221; service, for guest arrivals and departures, enhancing the quality of the travel experience. In 2017, more than 90,000 cruise passengers used this service from Rostock Airport for a relaxed start and finish to their vacation. And the trend is rising.<\/p>\n\n\n<!-- Element Infobox mit Bild -->\n<div class=\"container\">\n    <div class=\"row\">\n        <div class=\"col\">\n            <div class=\"infobox infobox--image\">\n                <div class=\"infobox__left   \">\n                    <h2 class=\"infobox__h2\">Seamless Travel<\/h2>\n                    <p class=\"infobox__p\">\n                        Image Video Cruise | Rostock Airport                    <\/p>\n                    \n                <\/div>\n\n                                <div class=\"infobox__right\">\n                                                      <iframe style=\"height:100%;\" width=\"100%\" src='https:\/\/www.youtube.com\/embed\/nVxkY49uPCs' title=\"YouTube video player\" frameborder=\"0\" allow=\"accelerometer; autoplay; clipboard-write; encrypted-media; gyroscope; picture-in-picture\" allowfullscreen><\/iframe>\n                  \n                \n\n                <\/div>\n                            <\/div>\n        <\/div>\n    <\/div>\n<\/div>\n\n\n\n<div style=\"height:90px\" aria-hidden=\"true\" class=\"wp-block-spacer\"><\/div>\n\n\n<!-- Element Kacheln -->\n<div class=\"container\">\n    <div class=\"row\">\n        <div class=\"col\">\n            <div class=\"carousell slider-default\">\n                                        <div class=\"carousell__element\">\n                            <div class=\"carousell__element__img\"><img decoding=\"async\" alt=\"\" src=\"https:\/\/rostock-airport.de\/wp-content\/uploads\/2022\/04\/1.png\"><\/div>\n                        <\/div>\n                                        <div class=\"carousell__element\">\n                            <div class=\"carousell__element__img\"><img decoding=\"async\" alt=\"\" src=\"https:\/\/rostock-airport.de\/wp-content\/uploads\/2022\/04\/7.png\"><\/div>\n                        <\/div>\n                                        <div class=\"carousell__element\">\n                            <div class=\"carousell__element__img\"><img decoding=\"async\" alt=\"\" src=\"https:\/\/rostock-airport.de\/wp-content\/uploads\/2022\/04\/6.png\"><\/div>\n                        <\/div>\n                                        <div class=\"carousell__element\">\n                            <div class=\"carousell__element__img\"><img decoding=\"async\" alt=\"\" src=\"https:\/\/rostock-airport.de\/wp-content\/uploads\/2022\/04\/5.png\"><\/div>\n                        <\/div>\n                                        <div class=\"carousell__element\">\n                            <div class=\"carousell__element__img\"><img decoding=\"async\" alt=\"\" src=\"https:\/\/rostock-airport.de\/wp-content\/uploads\/2022\/04\/4.png\"><\/div>\n                        <\/div>\n                                        <div class=\"carousell__element\">\n                            <div class=\"carousell__element__img\"><img decoding=\"async\" alt=\"\" src=\"https:\/\/rostock-airport.de\/wp-content\/uploads\/2022\/04\/3.png\"><\/div>\n                        <\/div>\n                                        <div class=\"carousell__element\">\n                            <div class=\"carousell__element__img\"><img decoding=\"async\" alt=\"\" src=\"https:\/\/rostock-airport.de\/wp-content\/uploads\/2022\/04\/2.png\"><\/div>\n                        <\/div>\n                            <\/div>\n                    <\/div>\n    <\/div>\n<\/div>\n\n\n\n<div style=\"height:100px\" aria-hidden=\"true\" class=\"wp-block-spacer\"><\/div>\n\n\n\n<div class=\"wp-block-buttons is-layout-flex wp-block-buttons-is-layout-flex\"><\/div>\n\n\n\n\n        <\/div>\n      <\/div>\n    <\/div>\n  <\/div>\n\n","protected":false},"excerpt":{"rendered":"<p>Who is entitled to apply for an airport identification card? What do I need to apply for an airport identification card? All completed documents must be sent to&nbsp;ausweisstelle@rostock-airport.de&nbsp;or Flughafen Rostock-Laage, Flughafenstra\u00dfe 1, 18299 Laage. If you need to carry people without an airport ID for your work in the security area, please fill out the [&hellip;]<\/p>\n","protected":false},"author":10,"featured_media":0,"parent":1537,"menu_order":0,"comment_status":"closed","ping_status":"closed","template":"","meta":{"_acf_changed":false,"footnotes":""},"class_list":["post-1683","page","type-page","status-publish","hentry"],"acf":[],"yoast_head":"<!-- This site is optimized with the Yoast SEO plugin v27.2 - https:\/\/yoast.com\/product\/yoast-seo-wordpress\/ -->\n<title>Services - Airport Rostock Laage<\/title>\n<meta name=\"robots\" content=\"index, follow, max-snippet:-1, max-image-preview:large, max-video-preview:-1\" \/>\n<link rel=\"canonical\" href=\"https:\/\/rostock-airport.de\/en\/company-and-business\/services\/\" \/>\n<meta property=\"og:locale\" content=\"en_US\" \/>\n<meta property=\"og:type\" content=\"article\" \/>\n<meta property=\"og:title\" content=\"Services - Airport Rostock Laage\" \/>\n<meta property=\"og:description\" content=\"Who is entitled to apply for an airport identification card? What do I need to apply for an airport identification card? All completed documents must be sent to&nbsp;ausweisstelle@rostock-airport.de&nbsp;or Flughafen Rostock-Laage, Flughafenstra\u00dfe 1, 18299 Laage. If you need to carry people without an airport ID for your work in the security area, please fill out the [&hellip;]\" \/>\n<meta property=\"og:url\" content=\"https:\/\/rostock-airport.de\/en\/company-and-business\/services\/\" \/>\n<meta property=\"og:site_name\" content=\"Airport Rostock Laage\" \/>\n<meta property=\"article:publisher\" content=\"https:\/\/www.facebook.com\/RostockAirport\/\" \/>\n<meta property=\"article:modified_time\" content=\"2025-01-22T11:19:33+00:00\" \/>\n<meta name=\"twitter:card\" content=\"summary_large_image\" \/>\n<script type=\"application\/ld+json\" class=\"yoast-schema-graph\">{\"@context\":\"https:\/\/schema.org\",\"@graph\":[{\"@type\":\"WebPage\",\"@id\":\"https:\/\/rostock-airport.de\/en\/company-and-business\/services\/\",\"url\":\"https:\/\/rostock-airport.de\/en\/company-and-business\/services\/\",\"name\":\"Services - Airport Rostock Laage\",\"isPartOf\":{\"@id\":\"https:\/\/rostock-airport.de\/#website\"},\"datePublished\":\"2022-02-21T12:29:48+00:00\",\"dateModified\":\"2025-01-22T11:19:33+00:00\",\"breadcrumb\":{\"@id\":\"https:\/\/rostock-airport.de\/en\/company-and-business\/services\/#breadcrumb\"},\"inLanguage\":\"en-US\",\"potentialAction\":[{\"@type\":\"ReadAction\",\"target\":[\"https:\/\/rostock-airport.de\/en\/company-and-business\/services\/\"]}]},{\"@type\":\"BreadcrumbList\",\"@id\":\"https:\/\/rostock-airport.de\/en\/company-and-business\/services\/#breadcrumb\",\"itemListElement\":[{\"@type\":\"ListItem\",\"position\":1,\"name\":\"Startseite\",\"item\":\"https:\/\/rostock-airport.de\/en\/\"},{\"@type\":\"ListItem\",\"position\":2,\"name\":\"Company &#038; Business\",\"item\":\"https:\/\/rostock-airport.de\/en\/company-and-business\/\"},{\"@type\":\"ListItem\",\"position\":3,\"name\":\"Services\"}]},{\"@type\":\"WebSite\",\"@id\":\"https:\/\/rostock-airport.de\/#website\",\"url\":\"https:\/\/rostock-airport.de\/\",\"name\":\"Airport Rostock Laage\",\"description\":\"\",\"potentialAction\":[{\"@type\":\"SearchAction\",\"target\":{\"@type\":\"EntryPoint\",\"urlTemplate\":\"https:\/\/rostock-airport.de\/?s={search_term_string}\"},\"query-input\":{\"@type\":\"PropertyValueSpecification\",\"valueRequired\":true,\"valueName\":\"search_term_string\"}}],\"inLanguage\":\"en-US\"}]}<\/script>\n<!-- \/ Yoast SEO plugin. -->","yoast_head_json":{"title":"Services - Airport Rostock Laage","robots":{"index":"index","follow":"follow","max-snippet":"max-snippet:-1","max-image-preview":"max-image-preview:large","max-video-preview":"max-video-preview:-1"},"canonical":"https:\/\/rostock-airport.de\/en\/company-and-business\/services\/","og_locale":"en_US","og_type":"article","og_title":"Services - Airport Rostock Laage","og_description":"Who is entitled to apply for an airport identification card? What do I need to apply for an airport identification card? All completed documents must be sent to&nbsp;ausweisstelle@rostock-airport.de&nbsp;or Flughafen Rostock-Laage, Flughafenstra\u00dfe 1, 18299 Laage. If you need to carry people without an airport ID for your work in the security area, please fill out the [&hellip;]","og_url":"https:\/\/rostock-airport.de\/en\/company-and-business\/services\/","og_site_name":"Airport Rostock Laage","article_publisher":"https:\/\/www.facebook.com\/RostockAirport\/","article_modified_time":"2025-01-22T11:19:33+00:00","twitter_card":"summary_large_image","schema":{"@context":"https:\/\/schema.org","@graph":[{"@type":"WebPage","@id":"https:\/\/rostock-airport.de\/en\/company-and-business\/services\/","url":"https:\/\/rostock-airport.de\/en\/company-and-business\/services\/","name":"Services - Airport Rostock Laage","isPartOf":{"@id":"https:\/\/rostock-airport.de\/#website"},"datePublished":"2022-02-21T12:29:48+00:00","dateModified":"2025-01-22T11:19:33+00:00","breadcrumb":{"@id":"https:\/\/rostock-airport.de\/en\/company-and-business\/services\/#breadcrumb"},"inLanguage":"en-US","potentialAction":[{"@type":"ReadAction","target":["https:\/\/rostock-airport.de\/en\/company-and-business\/services\/"]}]},{"@type":"BreadcrumbList","@id":"https:\/\/rostock-airport.de\/en\/company-and-business\/services\/#breadcrumb","itemListElement":[{"@type":"ListItem","position":1,"name":"Startseite","item":"https:\/\/rostock-airport.de\/en\/"},{"@type":"ListItem","position":2,"name":"Company &#038; Business","item":"https:\/\/rostock-airport.de\/en\/company-and-business\/"},{"@type":"ListItem","position":3,"name":"Services"}]},{"@type":"WebSite","@id":"https:\/\/rostock-airport.de\/#website","url":"https:\/\/rostock-airport.de\/","name":"Airport Rostock Laage","description":"","potentialAction":[{"@type":"SearchAction","target":{"@type":"EntryPoint","urlTemplate":"https:\/\/rostock-airport.de\/?s={search_term_string}"},"query-input":{"@type":"PropertyValueSpecification","valueRequired":true,"valueName":"search_term_string"}}],"inLanguage":"en-US"}]}},"publishpress_future_action":{"enabled":false,"date":"2026-04-29 15:50:05","action":"change-status","newStatus":"draft","terms":[],"taxonomy":"translation_priority","extraData":[]},"publishpress_future_workflow_manual_trigger":{"enabledWorkflows":[]},"_links":{"self":[{"href":"https:\/\/rostock-airport.de\/en\/wp-json\/wp\/v2\/pages\/1683","targetHints":{"allow":["GET"]}}],"collection":[{"href":"https:\/\/rostock-airport.de\/en\/wp-json\/wp\/v2\/pages"}],"about":[{"href":"https:\/\/rostock-airport.de\/en\/wp-json\/wp\/v2\/types\/page"}],"author":[{"embeddable":true,"href":"https:\/\/rostock-airport.de\/en\/wp-json\/wp\/v2\/users\/10"}],"replies":[{"embeddable":true,"href":"https:\/\/rostock-airport.de\/en\/wp-json\/wp\/v2\/comments?post=1683"}],"version-history":[{"count":16,"href":"https:\/\/rostock-airport.de\/en\/wp-json\/wp\/v2\/pages\/1683\/revisions"}],"predecessor-version":[{"id":3546,"href":"https:\/\/rostock-airport.de\/en\/wp-json\/wp\/v2\/pages\/1683\/revisions\/3546"}],"up":[{"embeddable":true,"href":"https:\/\/rostock-airport.de\/en\/wp-json\/wp\/v2\/pages\/1537"}],"wp:attachment":[{"href":"https:\/\/rostock-airport.de\/en\/wp-json\/wp\/v2\/media?parent=1683"}],"curies":[{"name":"wp","href":"https:\/\/api.w.org\/{rel}","templated":true}]}}