{"id":1657,"date":"2022-02-21T13:19:11","date_gmt":"2022-02-21T12:19:11","guid":{"rendered":"https:\/\/rostock-airport.de\/?page_id=1657"},"modified":"2025-10-17T12:19:56","modified_gmt":"2025-10-17T11:19:56","slug":"imprint","status":"publish","type":"page","link":"https:\/\/rostock-airport.de\/en\/imprint\/","title":{"rendered":"Imprint"},"content":{"rendered":"\n            <div class=\"article_image__headline \">\n    <div class=\"article_image__headline__wrapper\">\n        <h1 class=\"article_image__headline__h1\">Imprint<\/h1>\n            <\/div>\n<\/div>\n\n\n\n<p><strong>Flughafen Rostock-Laage-G\u00fcstrow GmbH<\/strong><br>Flughafenstra\u00dfe 1<br>18299 Laage<\/p>\n\n\n\n<p>Internet: www.rostock-airport.de<\/p>\n\n\n\n<p><strong>Flughafen Rostock-Laage-G\u00fcstrow GmbH is represented by:<\/strong><br>Management: Ira Lauth<\/p>\n\n\n\n<p><strong>Register court:<\/strong><br>Rostock Local Court<br><strong>Commercial register registration number:<\/strong><br>HRB 3699<\/p>\n\n\n\n<p><strong>Sales tax identification number according to \u00a7 27a Umsatzsteuergesetz (UStG):<\/strong><br>DE137632425<\/p>\n\n\n\n<p><strong>Responsible for content pursuant to \u00a7 55 of the Interstate Broadcasting Treaty (RStV):<\/strong><br>Ira Lauth, Flughafenstra\u00dfe 1, 18299 Laage, Germany.<\/p>\n\n\n\n<p><strong>This imprint also applies to the following social media profiles:<\/strong><br>Facebook: https:\/\/www.facebook.com\/RostockAirport<\/p>\n\n\n\n<p><strong>Notice of liability:<\/strong><br>Despite careful control of the contents, we do not assume any liability for the contents of external links. The operators of the linked pages are solely responsible for their content.<\/p>\n\n\n\n<p><strong>Mandatory information according to Regulation (EU) No. 524\/2013 of the European Parliament and of the Council:<\/strong><\/p>\n\n\n\n<p>The EU Commission provides a platform for out-of-court dispute resolution. This gives consumers the opportunity to first resolve disputes in connection with their online order out of court. You can find the dispute resolution platform here: http:\/\/ec.europa.eu\/consumers\/odr\/.<\/p>\n\n\n\n<p>Our email for consumer complaints is: info@rostock-airport.de<\/p>\n\n\n\n<p><strong>Photos:<\/strong><br>\u00a9 gstockstudio, chalabala.cz, sdecoret, Mapics, stockWERK, Patryk Kosmider, nito, eldeiv, Nikolai Sorokin, Neissl, HappyAlex, Jovanov Emil, dziewul, Jenifoto, JFL Photography, www.ingo-bartussek.de, Sasa Komlen, DreamPictures LLC[, shocky &#8211; Fotolia.com<br>\u00a9 steschum, Balate Dorin, Jenny Sturm &#8211; stock.adobe.com<br>\u00a9 Boris Stroujko, Balate Dorin, StevanZZ, Pawel Kazmierczak, silky, DaLiu, xbrchx, Solomakha, lapas77, Vadym Lavra, muratart &#8211; shutterstock.com<br>\u00a9 Stuttgart Marketing GmbH<br>\u00a9 Angelika Heim<br>\u00a9 I.D. Riva<br>\u00a9 Sch\u00f6n Touristik<br>\u00a9 Andreas Kernig<br>\u00a9 Airport Rostock-Laage-G\u00fcstrow GmbH<br>\u00a9 Fototeca ENIT.\/Vito Arcomanoy<br>\u00a9 Fototeca ENIT.\/Sandro Bedessi<br>\u00a9 Fototeca ENIT Agenzia turismo Chianciano Terme &#8211; Valdichiana<br>\u00a9 Dietmar Guth\/Globalis Experience Tours<br>\u00a9 Globalis Experience Travel<br>\u00a9 Mundo Travel<br>\u00a9 pixabay.com<br>\u00a9 kirkandmimi &#8211; pixabay.com<\/p>\n\n\n\n<p>\u00a9 Adobe Stock\/ytemha34<\/p>\n\n\n\n<p>Privacy policy \u00bb<\/p>\n","protected":false},"excerpt":{"rendered":"<p>Flughafen Rostock-Laage-G\u00fcstrow GmbHFlughafenstra\u00dfe 118299 Laage Internet: www.rostock-airport.de Flughafen Rostock-Laage-G\u00fcstrow GmbH is represented by:Management: Ira Lauth Register court:Rostock Local CourtCommercial register registration number:HRB 3699 Sales tax identification number according to \u00a7 27a Umsatzsteuergesetz (UStG):DE137632425 Responsible for content pursuant to \u00a7 55 of the Interstate Broadcasting Treaty (RStV):Ira Lauth, Flughafenstra\u00dfe 1, 18299 Laage, Germany. This imprint also [&hellip;]<\/p>\n","protected":false},"author":10,"featured_media":0,"parent":0,"menu_order":0,"comment_status":"closed","ping_status":"closed","template":"","meta":{"_acf_changed":false,"footnotes":""},"class_list":["post-1657","page","type-page","status-publish","hentry"],"acf":[],"yoast_head":"<!-- This site is optimized with the Yoast SEO plugin v27.2 - https:\/\/yoast.com\/product\/yoast-seo-wordpress\/ -->\n<title>Imprint - Airport Rostock Laage<\/title>\n<meta name=\"robots\" content=\"index, follow, max-snippet:-1, max-image-preview:large, max-video-preview:-1\" \/>\n<link rel=\"canonical\" href=\"https:\/\/rostock-airport.de\/en\/imprint\/\" \/>\n<meta property=\"og:locale\" content=\"en_US\" \/>\n<meta property=\"og:type\" content=\"article\" \/>\n<meta property=\"og:title\" content=\"Imprint - Airport Rostock Laage\" \/>\n<meta property=\"og:description\" content=\"Flughafen Rostock-Laage-G\u00fcstrow GmbHFlughafenstra\u00dfe 118299 Laage Internet: www.rostock-airport.de Flughafen Rostock-Laage-G\u00fcstrow GmbH is represented by:Management: Ira Lauth Register court:Rostock Local CourtCommercial register registration number:HRB 3699 Sales tax identification number according to \u00a7 27a Umsatzsteuergesetz (UStG):DE137632425 Responsible for content pursuant to \u00a7 55 of the Interstate Broadcasting Treaty (RStV):Ira Lauth, Flughafenstra\u00dfe 1, 18299 Laage, Germany. This imprint also [&hellip;]\" \/>\n<meta property=\"og:url\" content=\"https:\/\/rostock-airport.de\/en\/imprint\/\" \/>\n<meta property=\"og:site_name\" content=\"Airport Rostock Laage\" \/>\n<meta property=\"article:publisher\" content=\"https:\/\/www.facebook.com\/RostockAirport\/\" \/>\n<meta property=\"article:modified_time\" content=\"2025-10-17T11:19:56+00:00\" \/>\n<meta name=\"twitter:card\" content=\"summary_large_image\" \/>\n<script type=\"application\/ld+json\" class=\"yoast-schema-graph\">{\"@context\":\"https:\/\/schema.org\",\"@graph\":[{\"@type\":\"WebPage\",\"@id\":\"https:\/\/rostock-airport.de\/en\/imprint\/\",\"url\":\"https:\/\/rostock-airport.de\/en\/imprint\/\",\"name\":\"Imprint - Airport Rostock Laage\",\"isPartOf\":{\"@id\":\"https:\/\/rostock-airport.de\/#website\"},\"datePublished\":\"2022-02-21T12:19:11+00:00\",\"dateModified\":\"2025-10-17T11:19:56+00:00\",\"breadcrumb\":{\"@id\":\"https:\/\/rostock-airport.de\/en\/imprint\/#breadcrumb\"},\"inLanguage\":\"en-US\",\"potentialAction\":[{\"@type\":\"ReadAction\",\"target\":[\"https:\/\/rostock-airport.de\/en\/imprint\/\"]}]},{\"@type\":\"BreadcrumbList\",\"@id\":\"https:\/\/rostock-airport.de\/en\/imprint\/#breadcrumb\",\"itemListElement\":[{\"@type\":\"ListItem\",\"position\":1,\"name\":\"Startseite\",\"item\":\"https:\/\/rostock-airport.de\/en\/\"},{\"@type\":\"ListItem\",\"position\":2,\"name\":\"Imprint\"}]},{\"@type\":\"WebSite\",\"@id\":\"https:\/\/rostock-airport.de\/#website\",\"url\":\"https:\/\/rostock-airport.de\/\",\"name\":\"Airport Rostock Laage\",\"description\":\"\",\"potentialAction\":[{\"@type\":\"SearchAction\",\"target\":{\"@type\":\"EntryPoint\",\"urlTemplate\":\"https:\/\/rostock-airport.de\/?s={search_term_string}\"},\"query-input\":{\"@type\":\"PropertyValueSpecification\",\"valueRequired\":true,\"valueName\":\"search_term_string\"}}],\"inLanguage\":\"en-US\"}]}<\/script>\n<!-- \/ Yoast SEO plugin. -->","yoast_head_json":{"title":"Imprint - Airport Rostock Laage","robots":{"index":"index","follow":"follow","max-snippet":"max-snippet:-1","max-image-preview":"max-image-preview:large","max-video-preview":"max-video-preview:-1"},"canonical":"https:\/\/rostock-airport.de\/en\/imprint\/","og_locale":"en_US","og_type":"article","og_title":"Imprint - Airport Rostock Laage","og_description":"Flughafen Rostock-Laage-G\u00fcstrow GmbHFlughafenstra\u00dfe 118299 Laage Internet: www.rostock-airport.de Flughafen Rostock-Laage-G\u00fcstrow GmbH is represented by:Management: Ira Lauth Register court:Rostock Local CourtCommercial register registration number:HRB 3699 Sales tax identification number according to \u00a7 27a Umsatzsteuergesetz (UStG):DE137632425 Responsible for content pursuant to \u00a7 55 of the Interstate Broadcasting Treaty (RStV):Ira Lauth, Flughafenstra\u00dfe 1, 18299 Laage, Germany. This imprint also [&hellip;]","og_url":"https:\/\/rostock-airport.de\/en\/imprint\/","og_site_name":"Airport Rostock Laage","article_publisher":"https:\/\/www.facebook.com\/RostockAirport\/","article_modified_time":"2025-10-17T11:19:56+00:00","twitter_card":"summary_large_image","schema":{"@context":"https:\/\/schema.org","@graph":[{"@type":"WebPage","@id":"https:\/\/rostock-airport.de\/en\/imprint\/","url":"https:\/\/rostock-airport.de\/en\/imprint\/","name":"Imprint - Airport Rostock Laage","isPartOf":{"@id":"https:\/\/rostock-airport.de\/#website"},"datePublished":"2022-02-21T12:19:11+00:00","dateModified":"2025-10-17T11:19:56+00:00","breadcrumb":{"@id":"https:\/\/rostock-airport.de\/en\/imprint\/#breadcrumb"},"inLanguage":"en-US","potentialAction":[{"@type":"ReadAction","target":["https:\/\/rostock-airport.de\/en\/imprint\/"]}]},{"@type":"BreadcrumbList","@id":"https:\/\/rostock-airport.de\/en\/imprint\/#breadcrumb","itemListElement":[{"@type":"ListItem","position":1,"name":"Startseite","item":"https:\/\/rostock-airport.de\/en\/"},{"@type":"ListItem","position":2,"name":"Imprint"}]},{"@type":"WebSite","@id":"https:\/\/rostock-airport.de\/#website","url":"https:\/\/rostock-airport.de\/","name":"Airport Rostock Laage","description":"","potentialAction":[{"@type":"SearchAction","target":{"@type":"EntryPoint","urlTemplate":"https:\/\/rostock-airport.de\/?s={search_term_string}"},"query-input":{"@type":"PropertyValueSpecification","valueRequired":true,"valueName":"search_term_string"}}],"inLanguage":"en-US"}]}},"publishpress_future_action":{"enabled":false,"date":"2026-04-29 17:19:55","action":"change-status","newStatus":"draft","terms":[],"taxonomy":"translation_priority","extraData":[]},"publishpress_future_workflow_manual_trigger":{"enabledWorkflows":[]},"_links":{"self":[{"href":"https:\/\/rostock-airport.de\/en\/wp-json\/wp\/v2\/pages\/1657","targetHints":{"allow":["GET"]}}],"collection":[{"href":"https:\/\/rostock-airport.de\/en\/wp-json\/wp\/v2\/pages"}],"about":[{"href":"https:\/\/rostock-airport.de\/en\/wp-json\/wp\/v2\/types\/page"}],"author":[{"embeddable":true,"href":"https:\/\/rostock-airport.de\/en\/wp-json\/wp\/v2\/users\/10"}],"replies":[{"embeddable":true,"href":"https:\/\/rostock-airport.de\/en\/wp-json\/wp\/v2\/comments?post=1657"}],"version-history":[{"count":7,"href":"https:\/\/rostock-airport.de\/en\/wp-json\/wp\/v2\/pages\/1657\/revisions"}],"predecessor-version":[{"id":3720,"href":"https:\/\/rostock-airport.de\/en\/wp-json\/wp\/v2\/pages\/1657\/revisions\/3720"}],"wp:attachment":[{"href":"https:\/\/rostock-airport.de\/en\/wp-json\/wp\/v2\/media?parent=1657"}],"curies":[{"name":"wp","href":"https:\/\/api.w.org\/{rel}","templated":true}]}}