{"id":1180,"date":"2022-02-04T15:34:21","date_gmt":"2022-02-04T14:34:21","guid":{"rendered":"https:\/\/rostock-airport.de\/?page_id=1180"},"modified":"2022-03-02T09:57:55","modified_gmt":"2022-03-02T08:57:55","slug":"reisen-mit-tieren","status":"publish","type":"page","link":"https:\/\/rostock-airport.de\/en\/reisen-mit-tieren\/","title":{"rendered":"Reisen mit Tieren"},"content":{"rendered":"\n            <div class=\"article_image__headline \">\n    <div class=\"article_image__headline__wrapper\">\n        <h1 class=\"article_image__headline__h1\">Reisen mit Tieren<\/h1>\n            <\/div>\n<\/div>\n\n\n\n<p><strong>M\u00f6chten Sie mit Ihrem Haustier verreisen?<\/strong> <br>Das Reisen mit Tieren ist grunds\u00e4tzlich m\u00f6glich. Hier einige wichtige Hinweise von uns: Informieren Sie sich bitte bei Ihrer Fluggesellschaft \u00fcber die M\u00f6glichkeiten und Preise eines Tiertransportes. Wenn Sie mit Ihrem Haustier fliegen m\u00f6chten, melden Sie dieses bitte rechtzeitig vor Ihrem Abflug bei der Fluggesellschaft an.<\/p>\n\n\n<!-- Element \u00dcberschrift -->\n<div class=\"container\">\n  <div class=\"row\">\n    <div class=\"col\">\n      <div class=\"headline\">\n        <h2 class=\"headline__h2\">Tiere im Frachtraum<\/h2>\n            <\/div>\n    <\/div>\n  <\/div>\n<\/div>\n\n\n\n<div class=\"wp-block-columns is-layout-flex wp-container-core-columns-is-layout-9d6595d7 wp-block-columns-is-layout-flex\">\n<div class=\"wp-block-column is-layout-flow wp-block-column-is-layout-flow\">\n<p><strong>Transportk\u00e4fig<\/strong><\/p>\n\n\n\n<p>Wenn Ihr Tier im Laderaum reisen soll, beachten Sie bitte, dass der K\u00e4fig den geltenden IATA Bestimmungen (International Air Transport Association) entspricht.<br><\/p>\n\n\n\n<ul class=\"wp-block-list\"><li>Die Gr\u00f6\u00dfe des Transportk\u00e4figs muss so bemessen sein, dass das Tier aufrecht in seiner nat\u00fcrlichen Haltung stehen, sich umdrehen und niederlegen kann.<\/li><li>Der Transportk\u00e4fig muss auslaufsicher ausgelegt sein, z.B. mit saugf\u00e4higem Material wie Zeitungen, Pappe oder Decken.<\/li><li>Die K\u00e4fige m\u00fcssen ausbruchsicher sein. Wir empfehlen stabile Plastik- oder Holzk\u00e4fige aus unsch\u00e4dlichem und ungiftigem Material. Drahtk\u00e4fige sind nicht zul\u00e4ssig.<\/li><li>Der Innenraum des K\u00e4figs darf keine spitzen Ecken, Kanten oder N\u00e4gel aufweisen, damit sich die Tiere nicht verletzen.<\/li><li>Sollte der K\u00e4fig Rollen haben, m\u00fcssen diese entfernt werden.<\/li><li>Futter- und Wasserschalen (ungef\u00fcllt) m\u00fcssen im bzw. am K\u00e4fig angebracht sein. Das Material muss unsch\u00e4dlich und ungiftig sein.<\/li><li>Transportk\u00e4fige m\u00fcssen mindestens von drei Seiten mit L\u00fcftungsl\u00f6chern versehen sein.<\/li><li>Die Leine geh\u00f6rt nicht in den Transportk\u00e4fig, sondern wird oben angebunden oder angeklebt. Auch im Handgep\u00e4ck kann die Leine aufbewahrt werden. Dann ist gew\u00e4hrleistet, dass sich das Tier nicht im Transportk\u00e4fig strangulieren kann!<br><\/li><\/ul>\n<\/div>\n\n\n\n<div class=\"wp-block-column is-layout-flow wp-block-column-is-layout-flow\">\n<p><strong>Wohlbefinden des Tieres<\/strong><\/p>\n\n\n\n<p>F\u00fcr das Wohlbefinden des Tieres w\u00e4hrend der Reise hier einige Hinweise:<br><\/p>\n\n\n\n<ul class=\"wp-block-list\"><li>Legen Sie eine &#8220;Schmusedecke&#8221; und das Lieblingsspielzeug in den Transportk\u00e4fig, sie k\u00f6nnen das Tier durch den vertrauten Geruch beruhigen.<\/li><li>Gew\u00f6hnen Sie Ihr Haustier bereits zu Hause an den Transportk\u00e4fig: K\u00e4fig T\u00fcr f\u00fcr ein oder zwei Stunden schlie\u00dfen und danach das Tier belohnen.<\/li><li>Viele Haustiere sind vor und w\u00e4hrend einer Flugreise sehr nerv\u00f6s. Trotzdem sollten Sie sich \u00fcberlegen, ob Sie Ihr Tier mit Medikamenten ruhigstellen wollen. Die Reaktionen des Tieres bei Ruhigstellung mit Medikamenten sind nicht abzusehen, weil es zu Kreislaufproblemen w\u00e4hrend des Fluges kommen kann. Sprechen Sie bitte Ihren Tierarzt an.<\/li><\/ul>\n<\/div>\n<\/div>\n\n\n\n<div class=\"wp-block-columns is-layout-flex wp-container-core-columns-is-layout-9d6595d7 wp-block-columns-is-layout-flex\">\n<div class=\"wp-block-column is-layout-flow wp-block-column-is-layout-flow\"><\/div>\n\n\n\n<div class=\"wp-block-column is-layout-flow wp-block-column-is-layout-flow\"><\/div>\n<\/div>\n\n\n<!-- Element \u00dcberschrift -->\n<div class=\"container\">\n  <div class=\"row\">\n    <div class=\"col\">\n      <div class=\"headline\">\n        <h2 class=\"headline__h2\">Hunde oder Katzen in der Flugkabine<\/h2>\n            <\/div>\n    <\/div>\n  <\/div>\n<\/div>\n\n\n\n<p>Reist Ihr Tier in der Kabine in einem eigenen K\u00e4fig, achten Sie bitte darauf, dass das Tier sich auch hier in seiner nat\u00fcrlichen Haltung stellen, legen und drehen kann. Das Tier muss w\u00e4hrend des gesamten Fluges in seinem K\u00e4fig bleiben. W\u00e4hrend Start, Landung, oder Turbulenzen muss der K\u00e4fig entweder unter dem Vordersitz verstaut werden oder mit einer Leine an Ihrem eigenen Sicherheitsgurt gesichert sein.<\/p>\n\n\n<!-- Element \u00dcberschrift -->\n<div class=\"container\">\n  <div class=\"row\">\n    <div class=\"col\">\n      <div class=\"headline\">\n        <h2 class=\"headline__h2\">Hunde, die als Kampfhund eingestuft sind<\/h2>\n            <\/div>\n    <\/div>\n  <\/div>\n<\/div>\n\n\n\n<div class=\"wp-block-columns is-layout-flex wp-container-core-columns-is-layout-9d6595d7 wp-block-columns-is-layout-flex\">\n<div class=\"wp-block-column is-layout-flow wp-block-column-is-layout-flow\">\n<p><strong>Als Kampfhunde eingestuft werden folgende Rassen und Mischlinge:<\/strong><br><\/p>\n\n\n\n<ul class=\"wp-block-list\"><li>Amerikanischer Pitbull Terrier<\/li><li>Amerikanischer Staffordshire Terrier<\/li><li>Staffordshire Bullterrier<\/li><li>Bullterrier (Miniatur Bullterrier gelten nicht als Kampfhunde)<\/li><li>Amerikanische Bulldogge<\/li><li>Dogo Argentino<\/li><li>Karabash (Kangal)<\/li><li>Kaukasischer Owtscharka<\/li><li>Rottweiler<br><\/li><\/ul>\n<\/div>\n\n\n\n<div class=\"wp-block-column is-layout-flow wp-block-column-is-layout-flow\">\n<p><strong>Bitte beachten Sie, dass die Einfuhr der folgenden Rassen nach Deutschland verboten ist:<\/strong><br><\/p>\n\n\n\n<ul class=\"wp-block-list\"><li>Pitbull Terrier<\/li><li>Amerikanischer Staffordshire Terrier<\/li><li>Staffordshire Bullterrier<\/li><li>Bullterrier<br><\/li><\/ul>\n<\/div>\n<\/div>\n\n\n\n<p>Ausfuhr und Transit sind von diesem Verbot nicht betroffen.<\/p>\n\n\n\n<p>Tiere, die als Kampfhunde eingestuft werden, d\u00fcrfen nur in speziellen Beh\u00e4ltnissen\/K\u00e4figen transportiert werden. Ausgenommen sind Hunde zwischen 3 und 6 Monaten.<\/p>\n\n\n\n<p>K\u00e4fige f\u00fcr Kampfhunde sollen die folgenden Merkmale aufweisen:<\/p>\n\n\n\n<ul class=\"wp-block-list\"><li>Der K\u00e4fig soll aus Holz, Metall, synthetischen Materialien, geschwei\u00dftem Maschendraht oder Maschendraht hergestellt sein.<\/li><li>Es gelten zus\u00e4tzliche Konstruktionsprinzipien f\u00fcr den Rahmen, die Seiten, den Boden, die Oberseite und die \u00d6ffnungsklappe.<\/li><li>Kein Teil der Box darf aus Plastik bestehen<\/li><li>Die \u00d6ffnungsklappe muss aus einem hochbelastbaren Drahtgeflecht, Metall oder verst\u00e4rktem Holz bestehen und mit einem sicheren Verschluss versehen sein, der nicht aus Versehen aufgehen kann.<\/li><\/ul>\n\n\n<!-- Element \u00dcberschrift -->\n<div class=\"container\">\n  <div class=\"row\">\n    <div class=\"col\">\n      <div class=\"headline\">\n        <h2 class=\"headline__h2\">Hinweise zur Mitnahme von stumpfnasigen Hunden<\/h2>\n            <\/div>\n    <\/div>\n  <\/div>\n<\/div>\n\n\n\n<p>Hunde, die zu den stumpfnasigen Rassen geh\u00f6ren, sind besonders temperatur- und stressempfindlich. Daher empfehlen wir Ihnen, auf die Mitnahme Ihres Hundes zu verzichten, wenn die Temperatur am Abflugs-, Transfer- oder Zielflughafen 27\u00b0 C \u00fcberschreitet. Andernfalls k\u00f6nnte Ihr Hund ernsthafte gesundheitliche Sch\u00e4den erleiden oder sogar w\u00e4hrend der Reise versterben.<\/p>\n\n\n\n<p>Zu den gef\u00e4hrdeten Rassen geh\u00f6ren:<br><\/p>\n\n\n\n<ul class=\"wp-block-list\"><li>Boston Terrier<\/li><li>Boxer<\/li><li>Bulldogge (alle Rassen au\u00dfer Amerikanische Bulldogge)<\/li><li>Chow-Chow<\/li><li>Griffon Bruxellois<\/li><li>Japanischer Chin<\/li><li>Englischer Toy Spaniel<\/li><li>Mops<\/li><li>Pekinese<\/li><li>Shi Tzu<\/li><\/ul>\n","protected":false},"excerpt":{"rendered":"<p>M\u00f6chten Sie mit Ihrem Haustier verreisen? Das Reisen mit Tieren ist grunds\u00e4tzlich m\u00f6glich. Hier einige wichtige Hinweise von uns: Informieren Sie sich bitte bei Ihrer Fluggesellschaft \u00fcber die M\u00f6glichkeiten und Preise eines Tiertransportes. Wenn Sie mit Ihrem Haustier fliegen m\u00f6chten, melden Sie dieses bitte rechtzeitig vor Ihrem Abflug bei der Fluggesellschaft an. Transportk\u00e4fig Wenn Ihr [&hellip;]<\/p>\n","protected":false},"author":10,"featured_media":0,"parent":0,"menu_order":0,"comment_status":"closed","ping_status":"closed","template":"","meta":{"_acf_changed":false,"footnotes":""},"class_list":["post-1180","page","type-page","status-publish","hentry"],"acf":[],"yoast_head":"<!-- This site is optimized with the Yoast SEO plugin v27.2 - https:\/\/yoast.com\/product\/yoast-seo-wordpress\/ -->\n<title>Reisen mit Tieren - Hier einige wichtige Hinweise<\/title>\n<meta name=\"description\" content=\"Das Reisen mit Tieren ist Grunds\u00e4tzlich m\u00f6glich | Hier finden Sie wichtige Hinweise zum Transport und weitere hilfreiche Informationen\" \/>\n<meta name=\"robots\" content=\"index, follow, max-snippet:-1, max-image-preview:large, max-video-preview:-1\" \/>\n<link rel=\"canonical\" href=\"https:\/\/rostock-airport.de\/reisen-mit-tieren\/\" \/>\n<meta property=\"og:locale\" content=\"en_US\" \/>\n<meta property=\"og:type\" content=\"article\" \/>\n<meta property=\"og:title\" content=\"Reisen mit Tieren - Hier einige wichtige Hinweise\" \/>\n<meta property=\"og:description\" content=\"Das Reisen mit Tieren ist Grunds\u00e4tzlich m\u00f6glich | Hier finden Sie wichtige Hinweise zum Transport und weitere hilfreiche Informationen\" \/>\n<meta property=\"og:url\" content=\"https:\/\/rostock-airport.de\/reisen-mit-tieren\/\" \/>\n<meta property=\"og:site_name\" content=\"Airport Rostock Laage\" \/>\n<meta property=\"article:publisher\" content=\"https:\/\/www.facebook.com\/RostockAirport\/\" \/>\n<meta property=\"article:modified_time\" content=\"2022-03-02T08:57:55+00:00\" \/>\n<meta name=\"twitter:card\" content=\"summary_large_image\" \/>\n<script type=\"application\/ld+json\" class=\"yoast-schema-graph\">{\"@context\":\"https:\/\/schema.org\",\"@graph\":[{\"@type\":\"WebPage\",\"@id\":\"https:\/\/rostock-airport.de\/reisen-mit-tieren\/\",\"url\":\"https:\/\/rostock-airport.de\/reisen-mit-tieren\/\",\"name\":\"Reisen mit Tieren - Hier einige wichtige Hinweise\",\"isPartOf\":{\"@id\":\"https:\/\/rostock-airport.de\/#website\"},\"datePublished\":\"2022-02-04T14:34:21+00:00\",\"dateModified\":\"2022-03-02T08:57:55+00:00\",\"description\":\"Das Reisen mit Tieren ist Grunds\u00e4tzlich m\u00f6glich | Hier finden Sie wichtige Hinweise zum Transport und weitere hilfreiche Informationen\",\"breadcrumb\":{\"@id\":\"https:\/\/rostock-airport.de\/reisen-mit-tieren\/#breadcrumb\"},\"inLanguage\":\"en-US\",\"potentialAction\":[{\"@type\":\"ReadAction\",\"target\":[\"https:\/\/rostock-airport.de\/reisen-mit-tieren\/\"]}]},{\"@type\":\"BreadcrumbList\",\"@id\":\"https:\/\/rostock-airport.de\/reisen-mit-tieren\/#breadcrumb\",\"itemListElement\":[{\"@type\":\"ListItem\",\"position\":1,\"name\":\"Startseite\",\"item\":\"https:\/\/rostock-airport.de\/en\/\"},{\"@type\":\"ListItem\",\"position\":2,\"name\":\"Reisen mit Tieren\"}]},{\"@type\":\"WebSite\",\"@id\":\"https:\/\/rostock-airport.de\/#website\",\"url\":\"https:\/\/rostock-airport.de\/\",\"name\":\"Airport Rostock Laage\",\"description\":\"\",\"potentialAction\":[{\"@type\":\"SearchAction\",\"target\":{\"@type\":\"EntryPoint\",\"urlTemplate\":\"https:\/\/rostock-airport.de\/?s={search_term_string}\"},\"query-input\":{\"@type\":\"PropertyValueSpecification\",\"valueRequired\":true,\"valueName\":\"search_term_string\"}}],\"inLanguage\":\"en-US\"}]}<\/script>\n<!-- \/ Yoast SEO plugin. -->","yoast_head_json":{"title":"Reisen mit Tieren - Hier einige wichtige Hinweise","description":"Das Reisen mit Tieren ist Grunds\u00e4tzlich m\u00f6glich | Hier finden Sie wichtige Hinweise zum Transport und weitere hilfreiche Informationen","robots":{"index":"index","follow":"follow","max-snippet":"max-snippet:-1","max-image-preview":"max-image-preview:large","max-video-preview":"max-video-preview:-1"},"canonical":"https:\/\/rostock-airport.de\/reisen-mit-tieren\/","og_locale":"en_US","og_type":"article","og_title":"Reisen mit Tieren - Hier einige wichtige Hinweise","og_description":"Das Reisen mit Tieren ist Grunds\u00e4tzlich m\u00f6glich | Hier finden Sie wichtige Hinweise zum Transport und weitere hilfreiche Informationen","og_url":"https:\/\/rostock-airport.de\/reisen-mit-tieren\/","og_site_name":"Airport Rostock Laage","article_publisher":"https:\/\/www.facebook.com\/RostockAirport\/","article_modified_time":"2022-03-02T08:57:55+00:00","twitter_card":"summary_large_image","schema":{"@context":"https:\/\/schema.org","@graph":[{"@type":"WebPage","@id":"https:\/\/rostock-airport.de\/reisen-mit-tieren\/","url":"https:\/\/rostock-airport.de\/reisen-mit-tieren\/","name":"Reisen mit Tieren - Hier einige wichtige Hinweise","isPartOf":{"@id":"https:\/\/rostock-airport.de\/#website"},"datePublished":"2022-02-04T14:34:21+00:00","dateModified":"2022-03-02T08:57:55+00:00","description":"Das Reisen mit Tieren ist Grunds\u00e4tzlich m\u00f6glich | Hier finden Sie wichtige Hinweise zum Transport und weitere hilfreiche Informationen","breadcrumb":{"@id":"https:\/\/rostock-airport.de\/reisen-mit-tieren\/#breadcrumb"},"inLanguage":"en-US","potentialAction":[{"@type":"ReadAction","target":["https:\/\/rostock-airport.de\/reisen-mit-tieren\/"]}]},{"@type":"BreadcrumbList","@id":"https:\/\/rostock-airport.de\/reisen-mit-tieren\/#breadcrumb","itemListElement":[{"@type":"ListItem","position":1,"name":"Startseite","item":"https:\/\/rostock-airport.de\/en\/"},{"@type":"ListItem","position":2,"name":"Reisen mit Tieren"}]},{"@type":"WebSite","@id":"https:\/\/rostock-airport.de\/#website","url":"https:\/\/rostock-airport.de\/","name":"Airport Rostock Laage","description":"","potentialAction":[{"@type":"SearchAction","target":{"@type":"EntryPoint","urlTemplate":"https:\/\/rostock-airport.de\/?s={search_term_string}"},"query-input":{"@type":"PropertyValueSpecification","valueRequired":true,"valueName":"search_term_string"}}],"inLanguage":"en-US"}]}},"publishpress_future_action":{"enabled":false,"date":"2026-04-26 20:16:26","action":"change-status","newStatus":"draft","terms":[],"taxonomy":"translation_priority","extraData":[]},"publishpress_future_workflow_manual_trigger":{"enabledWorkflows":[]},"_links":{"self":[{"href":"https:\/\/rostock-airport.de\/en\/wp-json\/wp\/v2\/pages\/1180","targetHints":{"allow":["GET"]}}],"collection":[{"href":"https:\/\/rostock-airport.de\/en\/wp-json\/wp\/v2\/pages"}],"about":[{"href":"https:\/\/rostock-airport.de\/en\/wp-json\/wp\/v2\/types\/page"}],"author":[{"embeddable":true,"href":"https:\/\/rostock-airport.de\/en\/wp-json\/wp\/v2\/users\/10"}],"replies":[{"embeddable":true,"href":"https:\/\/rostock-airport.de\/en\/wp-json\/wp\/v2\/comments?post=1180"}],"version-history":[{"count":7,"href":"https:\/\/rostock-airport.de\/en\/wp-json\/wp\/v2\/pages\/1180\/revisions"}],"predecessor-version":[{"id":1927,"href":"https:\/\/rostock-airport.de\/en\/wp-json\/wp\/v2\/pages\/1180\/revisions\/1927"}],"wp:attachment":[{"href":"https:\/\/rostock-airport.de\/en\/wp-json\/wp\/v2\/media?parent=1180"}],"curies":[{"name":"wp","href":"https:\/\/api.w.org\/{rel}","templated":true}]}}